{"id":1315,"date":"2025-09-18T11:12:15","date_gmt":"2025-09-18T11:12:15","guid":{"rendered":"https:\/\/www.hernandezredondo.com\/?page_id=1315"},"modified":"2025-09-18T11:12:17","modified_gmt":"2025-09-18T11:12:17","slug":"politica-de-cookies","status":"publish","type":"page","link":"https:\/\/www.hernandezredondo.com\/en\/politica-de-cookies\/","title":{"rendered":"Pol\u00edtica de Cookies"},"content":{"rendered":"<p>Este sitio web utiliza cookies para mejorar la experiencia del usuario. A continuaci\u00f3n se detallan las cookies utilizadas:<\/p>\n\n\n\n<figure class=\"wp-block-table\"><table class=\"has-fixed-layout\"><tbody><tr><th>Cookie<\/th><th>Dominio<\/th><th>Descripci\u00f3n<\/th><th>Duraci\u00f3n<\/th><th>Tipo<\/th><\/tr><tr><td>sbjs_migrations<\/td><td>.luisdomingo.com<\/td><td>Utilizada para identificar el origen de la visita. Mejora la experiencia del visitante.<\/td><td>Sesi\u00f3n<\/td><td>Anal\u00edtica<\/td><\/tr><tr><td>sbjs_current_add<\/td><td>.luisdomingo.com<\/td><td>Identifica el origen de la visita y comportamiento del usuario.<\/td><td>Sesi\u00f3n<\/td><td>Anal\u00edtica<\/td><\/tr><tr><td>sbjs_first_add<\/td><td>.luisdomingo.com<\/td><td>Identifica la fuente inicial de la visita.<\/td><td>Sesi\u00f3n<\/td><td>Anal\u00edtica<\/td><\/tr><tr><td>sbjs_current<\/td><td>.luisdomingo.com<\/td><td>Determina la fuente actual de tr\u00e1fico.<\/td><td>Sesi\u00f3n<\/td><td>Anal\u00edtica<\/td><\/tr><tr><td>sbjs_first<\/td><td>.luisdomingo.com<\/td><td>Registra la fuente de la primera visita.<\/td><td>Sesi\u00f3n<\/td><td>Anal\u00edtica<\/td><\/tr><tr><td>sbjs_udata<\/td><td>.luisdomingo.com<\/td><td>Almacena datos de usuario para an\u00e1lisis del tr\u00e1fico.<\/td><td>Sesi\u00f3n<\/td><td>Anal\u00edtica<\/td><\/tr><tr><td>sbjs_session<\/td><td>.luisdomingo.com<\/td><td>Determina la sesi\u00f3n del usuario.<\/td><td>1 hora<\/td><td>Anal\u00edtica<\/td><\/tr><tr><td>wpEmojiSettingsSupports<\/td><td>.luisdomingo.com<\/td><td>Comprueba compatibilidad de emojis.<\/td><td>Sesi\u00f3n<\/td><td>Necesaria<\/td><\/tr><\/tbody><\/table><\/figure>\n\n\n\n<p><strong>\u00bfQu\u00e9 son las cookies?<\/strong><\/p>\n\n\n\n<p>Las cookies son peque\u00f1os archivos que se almacenan en el dispositivo del usuario al acceder a un sitio web. Su finalidad es recordar informaci\u00f3n sobre la navegaci\u00f3n para facilitar la siguiente visita y hacer que el sitio resulte m\u00e1s \u00fatil.<\/p>\n\n\n\n<p><strong>Configuraci\u00f3n del navegador<\/strong><\/p>\n\n\n\n<p>Puede permitir, bloquear o eliminar las cookies instaladas en su equipo mediante la configuraci\u00f3n de las opciones del navegador utilizado.<\/p>\n\n\n\n<p><strong>Consentimiento<\/strong><\/p>\n\n\n\n<p>Al continuar navegando por este sitio web, se considera que el usuario acepta el uso de cookies. Puede retirar su consentimiento en cualquier momento modificando la configuraci\u00f3n de su navegador.<\/p>","protected":false},"excerpt":{"rendered":"<p>Este sitio web utiliza cookies para mejorar la experiencia del usuario. A continuaci\u00f3n se detallan las cookies utilizadas: Cookie Dominio [&hellip;]<\/p>","protected":false},"author":1,"featured_media":0,"parent":0,"menu_order":0,"comment_status":"closed","ping_status":"closed","template":"","meta":{"site-sidebar-layout":"default","site-content-layout":"","ast-site-content-layout":"default","site-content-style":"default","site-sidebar-style":"default","ast-global-header-display":"","ast-banner-title-visibility":"","ast-main-header-display":"","ast-hfb-above-header-display":"","ast-hfb-below-header-display":"","ast-hfb-mobile-header-display":"","site-post-title":"","ast-breadcrumbs-content":"","ast-featured-img":"","footer-sml-layout":"","theme-transparent-header-meta":"","adv-header-id-meta":"","stick-header-meta":"","header-above-stick-meta":"","header-main-stick-meta":"","header-below-stick-meta":"","astra-migrate-meta-layouts":"default","ast-page-background-enabled":"default","ast-page-background-meta":{"desktop":{"background-color":"var(--ast-global-color-4)","background-image":"","background-repeat":"repeat","background-position":"center center","background-size":"auto","background-attachment":"scroll","background-type":"","background-media":"","overlay-type":"","overlay-color":"","overlay-opacity":"","overlay-gradient":""},"tablet":{"background-color":"","background-image":"","background-repeat":"repeat","background-position":"center center","background-size":"auto","background-attachment":"scroll","background-type":"","background-media":"","overlay-type":"","overlay-color":"","overlay-opacity":"","overlay-gradient":""},"mobile":{"background-color":"","background-image":"","background-repeat":"repeat","background-position":"center center","background-size":"auto","background-attachment":"scroll","background-type":"","background-media":"","overlay-type":"","overlay-color":"","overlay-opacity":"","overlay-gradient":""}},"ast-content-background-meta":{"desktop":{"background-color":"var(--ast-global-color-5)","background-image":"","background-repeat":"repeat","background-position":"center center","background-size":"auto","background-attachment":"scroll","background-type":"","background-media":"","overlay-type":"","overlay-color":"","overlay-opacity":"","overlay-gradient":""},"tablet":{"background-color":"var(--ast-global-color-5)","background-image":"","background-repeat":"repeat","background-position":"center center","background-size":"auto","background-attachment":"scroll","background-type":"","background-media":"","overlay-type":"","overlay-color":"","overlay-opacity":"","overlay-gradient":""},"mobile":{"background-color":"var(--ast-global-color-5)","background-image":"","background-repeat":"repeat","background-position":"center center","background-size":"auto","background-attachment":"scroll","background-type":"","background-media":"","overlay-type":"","overlay-color":"","overlay-opacity":"","overlay-gradient":""}},"footnotes":""},"class_list":["post-1315","page","type-page","status-publish","hentry"],"yoast_head":"<!-- This site is optimized with the Yoast SEO plugin v26.6 - https:\/\/yoast.com\/wordpress\/plugins\/seo\/ -->\n<title>Pol\u00edtica de Cookies - Hern\u00e1ndez Redondo<\/title>\n<meta name=\"robots\" content=\"index, follow, max-snippet:-1, max-image-preview:large, max-video-preview:-1\" \/>\n<link rel=\"canonical\" href=\"https:\/\/www.hernandezredondo.com\/en\/politica-de-cookies\/\" \/>\n<meta property=\"og:locale\" content=\"en_GB\" \/>\n<meta property=\"og:type\" content=\"article\" \/>\n<meta property=\"og:title\" content=\"Pol\u00edtica de Cookies - Hern\u00e1ndez Redondo\" \/>\n<meta property=\"og:description\" content=\"Este sitio web utiliza cookies para mejorar la experiencia del usuario. A continuaci\u00f3n se detallan las cookies utilizadas: Cookie Dominio [&hellip;]\" \/>\n<meta property=\"og:url\" content=\"https:\/\/www.hernandezredondo.com\/en\/politica-de-cookies\/\" \/>\n<meta property=\"og:site_name\" content=\"Hern\u00e1ndez Redondo\" \/>\n<meta property=\"article:modified_time\" content=\"2025-09-18T11:12:17+00:00\" \/>\n<meta name=\"twitter:card\" content=\"summary_large_image\" \/>\n<meta name=\"twitter:label1\" content=\"Estimated reading time\" \/>\n\t<meta name=\"twitter:data1\" content=\"1 minute\" \/>\n<script type=\"application\/ld+json\" class=\"yoast-schema-graph\">{\"@context\":\"https:\/\/schema.org\",\"@graph\":[{\"@type\":\"WebPage\",\"@id\":\"https:\/\/www.hernandezredondo.com\/politica-de-cookies\/\",\"url\":\"https:\/\/www.hernandezredondo.com\/politica-de-cookies\/\",\"name\":\"Pol\u00edtica de Cookies - Hern\u00e1ndez Redondo\",\"isPartOf\":{\"@id\":\"https:\/\/www.hernandezredondo.com\/#website\"},\"datePublished\":\"2025-09-18T11:12:15+00:00\",\"dateModified\":\"2025-09-18T11:12:17+00:00\",\"breadcrumb\":{\"@id\":\"https:\/\/www.hernandezredondo.com\/politica-de-cookies\/#breadcrumb\"},\"inLanguage\":\"en-GB\",\"potentialAction\":[{\"@type\":\"ReadAction\",\"target\":[\"https:\/\/www.hernandezredondo.com\/politica-de-cookies\/\"]}]},{\"@type\":\"BreadcrumbList\",\"@id\":\"https:\/\/www.hernandezredondo.com\/politica-de-cookies\/#breadcrumb\",\"itemListElement\":[{\"@type\":\"ListItem\",\"position\":1,\"name\":\"Portada\",\"item\":\"https:\/\/www.hernandezredondo.com\/\"},{\"@type\":\"ListItem\",\"position\":2,\"name\":\"Pol\u00edtica de Cookies\"}]},{\"@type\":\"WebSite\",\"@id\":\"https:\/\/www.hernandezredondo.com\/#website\",\"url\":\"https:\/\/www.hernandezredondo.com\/\",\"name\":\"Hern\u00e1ndez Redondo\",\"description\":\"\",\"publisher\":{\"@id\":\"https:\/\/www.hernandezredondo.com\/#organization\"},\"potentialAction\":[{\"@type\":\"SearchAction\",\"target\":{\"@type\":\"EntryPoint\",\"urlTemplate\":\"https:\/\/www.hernandezredondo.com\/?s={search_term_string}\"},\"query-input\":{\"@type\":\"PropertyValueSpecification\",\"valueRequired\":true,\"valueName\":\"search_term_string\"}}],\"inLanguage\":\"en-GB\"},{\"@type\":\"Organization\",\"@id\":\"https:\/\/www.hernandezredondo.com\/#organization\",\"name\":\"Hern\u00e1ndez Redondo\",\"url\":\"https:\/\/www.hernandezredondo.com\/\",\"logo\":{\"@type\":\"ImageObject\",\"inLanguage\":\"en-GB\",\"@id\":\"https:\/\/www.hernandezredondo.com\/#\/schema\/logo\/image\/\",\"url\":\"https:\/\/www.hernandezredondo.com\/wp-content\/uploads\/2025\/09\/cropped-Diseno-sin-titulo-2025-09-17T100936.388.png\",\"contentUrl\":\"https:\/\/www.hernandezredondo.com\/wp-content\/uploads\/2025\/09\/cropped-Diseno-sin-titulo-2025-09-17T100936.388.png\",\"width\":588,\"height\":528,\"caption\":\"Hern\u00e1ndez Redondo\"},\"image\":{\"@id\":\"https:\/\/www.hernandezredondo.com\/#\/schema\/logo\/image\/\"}}]}<\/script>\n<!-- \/ Yoast SEO plugin. -->","yoast_head_json":{"title":"Pol\u00edtica de Cookies - Hern\u00e1ndez Redondo","robots":{"index":"index","follow":"follow","max-snippet":"max-snippet:-1","max-image-preview":"max-image-preview:large","max-video-preview":"max-video-preview:-1"},"canonical":"https:\/\/www.hernandezredondo.com\/en\/politica-de-cookies\/","og_locale":"en_GB","og_type":"article","og_title":"Pol\u00edtica de Cookies - Hern\u00e1ndez Redondo","og_description":"Este sitio web utiliza cookies para mejorar la experiencia del usuario. A continuaci\u00f3n se detallan las cookies utilizadas: Cookie Dominio [&hellip;]","og_url":"https:\/\/www.hernandezredondo.com\/en\/politica-de-cookies\/","og_site_name":"Hern\u00e1ndez Redondo","article_modified_time":"2025-09-18T11:12:17+00:00","twitter_card":"summary_large_image","twitter_misc":{"Estimated reading time":"1 minute"},"schema":{"@context":"https:\/\/schema.org","@graph":[{"@type":"WebPage","@id":"https:\/\/www.hernandezredondo.com\/politica-de-cookies\/","url":"https:\/\/www.hernandezredondo.com\/politica-de-cookies\/","name":"Pol\u00edtica de Cookies - Hern\u00e1ndez Redondo","isPartOf":{"@id":"https:\/\/www.hernandezredondo.com\/#website"},"datePublished":"2025-09-18T11:12:15+00:00","dateModified":"2025-09-18T11:12:17+00:00","breadcrumb":{"@id":"https:\/\/www.hernandezredondo.com\/politica-de-cookies\/#breadcrumb"},"inLanguage":"en-GB","potentialAction":[{"@type":"ReadAction","target":["https:\/\/www.hernandezredondo.com\/politica-de-cookies\/"]}]},{"@type":"BreadcrumbList","@id":"https:\/\/www.hernandezredondo.com\/politica-de-cookies\/#breadcrumb","itemListElement":[{"@type":"ListItem","position":1,"name":"Portada","item":"https:\/\/www.hernandezredondo.com\/"},{"@type":"ListItem","position":2,"name":"Pol\u00edtica de Cookies"}]},{"@type":"WebSite","@id":"https:\/\/www.hernandezredondo.com\/#website","url":"https:\/\/www.hernandezredondo.com\/","name":"Hern\u00e1ndez Redondo","description":"","publisher":{"@id":"https:\/\/www.hernandezredondo.com\/#organization"},"potentialAction":[{"@type":"SearchAction","target":{"@type":"EntryPoint","urlTemplate":"https:\/\/www.hernandezredondo.com\/?s={search_term_string}"},"query-input":{"@type":"PropertyValueSpecification","valueRequired":true,"valueName":"search_term_string"}}],"inLanguage":"en-GB"},{"@type":"Organization","@id":"https:\/\/www.hernandezredondo.com\/#organization","name":"Hern\u00e1ndez Redondo","url":"https:\/\/www.hernandezredondo.com\/","logo":{"@type":"ImageObject","inLanguage":"en-GB","@id":"https:\/\/www.hernandezredondo.com\/#\/schema\/logo\/image\/","url":"https:\/\/www.hernandezredondo.com\/wp-content\/uploads\/2025\/09\/cropped-Diseno-sin-titulo-2025-09-17T100936.388.png","contentUrl":"https:\/\/www.hernandezredondo.com\/wp-content\/uploads\/2025\/09\/cropped-Diseno-sin-titulo-2025-09-17T100936.388.png","width":588,"height":528,"caption":"Hern\u00e1ndez Redondo"},"image":{"@id":"https:\/\/www.hernandezredondo.com\/#\/schema\/logo\/image\/"}}]}},"_links":{"self":[{"href":"https:\/\/www.hernandezredondo.com\/en\/wp-json\/wp\/v2\/pages\/1315","targetHints":{"allow":["GET"]}}],"collection":[{"href":"https:\/\/www.hernandezredondo.com\/en\/wp-json\/wp\/v2\/pages"}],"about":[{"href":"https:\/\/www.hernandezredondo.com\/en\/wp-json\/wp\/v2\/types\/page"}],"author":[{"embeddable":true,"href":"https:\/\/www.hernandezredondo.com\/en\/wp-json\/wp\/v2\/users\/1"}],"replies":[{"embeddable":true,"href":"https:\/\/www.hernandezredondo.com\/en\/wp-json\/wp\/v2\/comments?post=1315"}],"version-history":[{"count":1,"href":"https:\/\/www.hernandezredondo.com\/en\/wp-json\/wp\/v2\/pages\/1315\/revisions"}],"predecessor-version":[{"id":1316,"href":"https:\/\/www.hernandezredondo.com\/en\/wp-json\/wp\/v2\/pages\/1315\/revisions\/1316"}],"wp:attachment":[{"href":"https:\/\/www.hernandezredondo.com\/en\/wp-json\/wp\/v2\/media?parent=1315"}],"curies":[{"name":"wp","href":"https:\/\/api.w.org\/{rel}","templated":true}]}}