{"id":1317,"date":"2025-09-18T11:12:45","date_gmt":"2025-09-18T11:12:45","guid":{"rendered":"https:\/\/www.hernandezredondo.com\/?page_id=1317"},"modified":"2025-09-18T11:12:46","modified_gmt":"2025-09-18T11:12:46","slug":"declaracion-de-accesibilidad","status":"publish","type":"page","link":"https:\/\/www.hernandezredondo.com\/en\/declaracion-de-accesibilidad\/","title":{"rendered":"Accessibility statement"},"content":{"rendered":"<p>LUIS DOMINGO HERN\u00c1NDEZ E HIJOS, S.L. se compromete a hacer accesible su sitio web de conformidad con el Real Decreto 1112\/2018, de 7 de septiembre, sobre accesibilidad de los sitios web del sector p\u00fablico y de las aplicaciones para dispositivos m\u00f3viles.<\/p>\n\n\n\n<p><strong>Situaci\u00f3n de cumplimiento<\/strong><\/p>\n\n\n\n<p>Este sitio web es <strong>parcialmente conforme<\/strong> con el RD 1112\/2018 debido a la falta de conformidad de algunos aspectos del contenido.<\/p>\n\n\n\n<p><strong>Preparaci\u00f3n de la presente declaraci\u00f3n<\/strong><\/p>\n\n\n\n<p>La presente declaraci\u00f3n fue preparada el 18 de septiembre de 2025.<\/p>\n\n\n\n<p>El m\u00e9todo empleado para preparar la declaraci\u00f3n ha sido una <strong>autoevaluaci\u00f3n interna<\/strong> realizada por el equipo t\u00e9cnico de la empresa.<\/p>\n\n\n\n<p><strong>Observaciones y datos de contacto<\/strong><\/p>\n\n\n\n<p>Puede realizar comunicaciones sobre requisitos de accesibilidad (art\u00edculo 10.2.a del RD 1112\/2018), como:<\/p>\n\n\n\n<ul class=\"wp-block-list\">\n<li>Informar sobre cualquier posible incumplimiento por parte de este sitio web.<\/li>\n\n\n\n<li>Transmitir otras dificultades de acceso al contenido.<\/li>\n\n\n\n<li>Formular cualquier otra consulta o sugerencia de mejora relativa a la accesibilidad del sitio web.<\/li>\n<\/ul>\n\n\n\n<p>A trav\u00e9s del correo electr\u00f3nico <a><strong>administracion@luisdomingo.com<\/strong><\/a> o del tel\u00e9fono <strong>923 58 19 29 \/ 699 31 34 41<\/strong>.<\/p>\n\n\n\n<p>Tambi\u00e9n puede utilizar el <strong>formulario de contacto disponible en esta web<\/strong>, como canal de comunicaci\u00f3n accesible para usuarios con discapacidad.<\/p>\n\n\n\n<p><strong>Procedimiento de aplicaci\u00f3n<\/strong><\/p>\n\n\n\n<p>Si tras una solicitud de informaci\u00f3n accesible o queja, esta fuera desestimada o no se cumpliera lo previsto en el art\u00edculo 12.5 del RD 1112\/2018, el interesado podr\u00e1 iniciar una reclamaci\u00f3n conforme al art\u00edculo 13 del mencionado Real Decreto.<\/p>","protected":false},"excerpt":{"rendered":"<p>LUIS DOMINGO HERN\u00c1NDEZ E HIJOS, S.L. se compromete a hacer accesible su sitio web de conformidad con el Real Decreto [&hellip;]<\/p>","protected":false},"author":1,"featured_media":0,"parent":0,"menu_order":0,"comment_status":"closed","ping_status":"closed","template":"","meta":{"site-sidebar-layout":"default","site-content-layout":"","ast-site-content-layout":"default","site-content-style":"default","site-sidebar-style":"default","ast-global-header-display":"","ast-banner-title-visibility":"","ast-main-header-display":"","ast-hfb-above-header-display":"","ast-hfb-below-header-display":"","ast-hfb-mobile-header-display":"","site-post-title":"","ast-breadcrumbs-content":"","ast-featured-img":"","footer-sml-layout":"","theme-transparent-header-meta":"","adv-header-id-meta":"","stick-header-meta":"","header-above-stick-meta":"","header-main-stick-meta":"","header-below-stick-meta":"","astra-migrate-meta-layouts":"default","ast-page-background-enabled":"default","ast-page-background-meta":{"desktop":{"background-color":"var(--ast-global-color-4)","background-image":"","background-repeat":"repeat","background-position":"center center","background-size":"auto","background-attachment":"scroll","background-type":"","background-media":"","overlay-type":"","overlay-color":"","overlay-opacity":"","overlay-gradient":""},"tablet":{"background-color":"","background-image":"","background-repeat":"repeat","background-position":"center center","background-size":"auto","background-attachment":"scroll","background-type":"","background-media":"","overlay-type":"","overlay-color":"","overlay-opacity":"","overlay-gradient":""},"mobile":{"background-color":"","background-image":"","background-repeat":"repeat","background-position":"center center","background-size":"auto","background-attachment":"scroll","background-type":"","background-media":"","overlay-type":"","overlay-color":"","overlay-opacity":"","overlay-gradient":""}},"ast-content-background-meta":{"desktop":{"background-color":"var(--ast-global-color-5)","background-image":"","background-repeat":"repeat","background-position":"center center","background-size":"auto","background-attachment":"scroll","background-type":"","background-media":"","overlay-type":"","overlay-color":"","overlay-opacity":"","overlay-gradient":""},"tablet":{"background-color":"var(--ast-global-color-5)","background-image":"","background-repeat":"repeat","background-position":"center center","background-size":"auto","background-attachment":"scroll","background-type":"","background-media":"","overlay-type":"","overlay-color":"","overlay-opacity":"","overlay-gradient":""},"mobile":{"background-color":"var(--ast-global-color-5)","background-image":"","background-repeat":"repeat","background-position":"center center","background-size":"auto","background-attachment":"scroll","background-type":"","background-media":"","overlay-type":"","overlay-color":"","overlay-opacity":"","overlay-gradient":""}},"footnotes":""},"class_list":["post-1317","page","type-page","status-publish","hentry"],"yoast_head":"<!-- This site is optimized with the Yoast SEO plugin v26.6 - https:\/\/yoast.com\/wordpress\/plugins\/seo\/ -->\n<title>Declaraci\u00f3n de accesibilidad - Hern\u00e1ndez Redondo<\/title>\n<meta name=\"robots\" content=\"index, follow, max-snippet:-1, max-image-preview:large, max-video-preview:-1\" \/>\n<link rel=\"canonical\" href=\"https:\/\/www.hernandezredondo.com\/en\/declaracion-de-accesibilidad\/\" \/>\n<meta property=\"og:locale\" content=\"en_GB\" \/>\n<meta property=\"og:type\" content=\"article\" \/>\n<meta property=\"og:title\" content=\"Declaraci\u00f3n de accesibilidad - Hern\u00e1ndez Redondo\" \/>\n<meta property=\"og:description\" content=\"LUIS DOMINGO HERN\u00c1NDEZ E HIJOS, S.L. se compromete a hacer accesible su sitio web de conformidad con el Real Decreto [&hellip;]\" \/>\n<meta property=\"og:url\" content=\"https:\/\/www.hernandezredondo.com\/en\/declaracion-de-accesibilidad\/\" \/>\n<meta property=\"og:site_name\" content=\"Hern\u00e1ndez Redondo\" \/>\n<meta property=\"article:modified_time\" content=\"2025-09-18T11:12:46+00:00\" \/>\n<meta name=\"twitter:card\" content=\"summary_large_image\" \/>\n<meta name=\"twitter:label1\" content=\"Estimated reading time\" \/>\n\t<meta name=\"twitter:data1\" content=\"2 minutes\" \/>\n<script type=\"application\/ld+json\" class=\"yoast-schema-graph\">{\"@context\":\"https:\/\/schema.org\",\"@graph\":[{\"@type\":\"WebPage\",\"@id\":\"https:\/\/www.hernandezredondo.com\/declaracion-de-accesibilidad\/\",\"url\":\"https:\/\/www.hernandezredondo.com\/declaracion-de-accesibilidad\/\",\"name\":\"Declaraci\u00f3n de accesibilidad - Hern\u00e1ndez Redondo\",\"isPartOf\":{\"@id\":\"https:\/\/www.hernandezredondo.com\/#website\"},\"datePublished\":\"2025-09-18T11:12:45+00:00\",\"dateModified\":\"2025-09-18T11:12:46+00:00\",\"breadcrumb\":{\"@id\":\"https:\/\/www.hernandezredondo.com\/declaracion-de-accesibilidad\/#breadcrumb\"},\"inLanguage\":\"en-GB\",\"potentialAction\":[{\"@type\":\"ReadAction\",\"target\":[\"https:\/\/www.hernandezredondo.com\/declaracion-de-accesibilidad\/\"]}]},{\"@type\":\"BreadcrumbList\",\"@id\":\"https:\/\/www.hernandezredondo.com\/declaracion-de-accesibilidad\/#breadcrumb\",\"itemListElement\":[{\"@type\":\"ListItem\",\"position\":1,\"name\":\"Portada\",\"item\":\"https:\/\/www.hernandezredondo.com\/\"},{\"@type\":\"ListItem\",\"position\":2,\"name\":\"Declaraci\u00f3n de accesibilidad\"}]},{\"@type\":\"WebSite\",\"@id\":\"https:\/\/www.hernandezredondo.com\/#website\",\"url\":\"https:\/\/www.hernandezredondo.com\/\",\"name\":\"Hern\u00e1ndez Redondo\",\"description\":\"\",\"publisher\":{\"@id\":\"https:\/\/www.hernandezredondo.com\/#organization\"},\"potentialAction\":[{\"@type\":\"SearchAction\",\"target\":{\"@type\":\"EntryPoint\",\"urlTemplate\":\"https:\/\/www.hernandezredondo.com\/?s={search_term_string}\"},\"query-input\":{\"@type\":\"PropertyValueSpecification\",\"valueRequired\":true,\"valueName\":\"search_term_string\"}}],\"inLanguage\":\"en-GB\"},{\"@type\":\"Organization\",\"@id\":\"https:\/\/www.hernandezredondo.com\/#organization\",\"name\":\"Hern\u00e1ndez Redondo\",\"url\":\"https:\/\/www.hernandezredondo.com\/\",\"logo\":{\"@type\":\"ImageObject\",\"inLanguage\":\"en-GB\",\"@id\":\"https:\/\/www.hernandezredondo.com\/#\/schema\/logo\/image\/\",\"url\":\"https:\/\/www.hernandezredondo.com\/wp-content\/uploads\/2025\/09\/cropped-Diseno-sin-titulo-2025-09-17T100936.388.png\",\"contentUrl\":\"https:\/\/www.hernandezredondo.com\/wp-content\/uploads\/2025\/09\/cropped-Diseno-sin-titulo-2025-09-17T100936.388.png\",\"width\":588,\"height\":528,\"caption\":\"Hern\u00e1ndez Redondo\"},\"image\":{\"@id\":\"https:\/\/www.hernandezredondo.com\/#\/schema\/logo\/image\/\"}}]}<\/script>\n<!-- \/ Yoast SEO plugin. -->","yoast_head_json":{"title":"Declaraci\u00f3n de accesibilidad - Hern\u00e1ndez Redondo","robots":{"index":"index","follow":"follow","max-snippet":"max-snippet:-1","max-image-preview":"max-image-preview:large","max-video-preview":"max-video-preview:-1"},"canonical":"https:\/\/www.hernandezredondo.com\/en\/declaracion-de-accesibilidad\/","og_locale":"en_GB","og_type":"article","og_title":"Declaraci\u00f3n de accesibilidad - Hern\u00e1ndez Redondo","og_description":"LUIS DOMINGO HERN\u00c1NDEZ E HIJOS, S.L. se compromete a hacer accesible su sitio web de conformidad con el Real Decreto [&hellip;]","og_url":"https:\/\/www.hernandezredondo.com\/en\/declaracion-de-accesibilidad\/","og_site_name":"Hern\u00e1ndez Redondo","article_modified_time":"2025-09-18T11:12:46+00:00","twitter_card":"summary_large_image","twitter_misc":{"Estimated reading time":"2 minutes"},"schema":{"@context":"https:\/\/schema.org","@graph":[{"@type":"WebPage","@id":"https:\/\/www.hernandezredondo.com\/declaracion-de-accesibilidad\/","url":"https:\/\/www.hernandezredondo.com\/declaracion-de-accesibilidad\/","name":"Declaraci\u00f3n de accesibilidad - Hern\u00e1ndez Redondo","isPartOf":{"@id":"https:\/\/www.hernandezredondo.com\/#website"},"datePublished":"2025-09-18T11:12:45+00:00","dateModified":"2025-09-18T11:12:46+00:00","breadcrumb":{"@id":"https:\/\/www.hernandezredondo.com\/declaracion-de-accesibilidad\/#breadcrumb"},"inLanguage":"en-GB","potentialAction":[{"@type":"ReadAction","target":["https:\/\/www.hernandezredondo.com\/declaracion-de-accesibilidad\/"]}]},{"@type":"BreadcrumbList","@id":"https:\/\/www.hernandezredondo.com\/declaracion-de-accesibilidad\/#breadcrumb","itemListElement":[{"@type":"ListItem","position":1,"name":"Portada","item":"https:\/\/www.hernandezredondo.com\/"},{"@type":"ListItem","position":2,"name":"Declaraci\u00f3n de accesibilidad"}]},{"@type":"WebSite","@id":"https:\/\/www.hernandezredondo.com\/#website","url":"https:\/\/www.hernandezredondo.com\/","name":"Hern\u00e1ndez Redondo","description":"","publisher":{"@id":"https:\/\/www.hernandezredondo.com\/#organization"},"potentialAction":[{"@type":"SearchAction","target":{"@type":"EntryPoint","urlTemplate":"https:\/\/www.hernandezredondo.com\/?s={search_term_string}"},"query-input":{"@type":"PropertyValueSpecification","valueRequired":true,"valueName":"search_term_string"}}],"inLanguage":"en-GB"},{"@type":"Organization","@id":"https:\/\/www.hernandezredondo.com\/#organization","name":"Hern\u00e1ndez Redondo","url":"https:\/\/www.hernandezredondo.com\/","logo":{"@type":"ImageObject","inLanguage":"en-GB","@id":"https:\/\/www.hernandezredondo.com\/#\/schema\/logo\/image\/","url":"https:\/\/www.hernandezredondo.com\/wp-content\/uploads\/2025\/09\/cropped-Diseno-sin-titulo-2025-09-17T100936.388.png","contentUrl":"https:\/\/www.hernandezredondo.com\/wp-content\/uploads\/2025\/09\/cropped-Diseno-sin-titulo-2025-09-17T100936.388.png","width":588,"height":528,"caption":"Hern\u00e1ndez Redondo"},"image":{"@id":"https:\/\/www.hernandezredondo.com\/#\/schema\/logo\/image\/"}}]}},"_links":{"self":[{"href":"https:\/\/www.hernandezredondo.com\/en\/wp-json\/wp\/v2\/pages\/1317","targetHints":{"allow":["GET"]}}],"collection":[{"href":"https:\/\/www.hernandezredondo.com\/en\/wp-json\/wp\/v2\/pages"}],"about":[{"href":"https:\/\/www.hernandezredondo.com\/en\/wp-json\/wp\/v2\/types\/page"}],"author":[{"embeddable":true,"href":"https:\/\/www.hernandezredondo.com\/en\/wp-json\/wp\/v2\/users\/1"}],"replies":[{"embeddable":true,"href":"https:\/\/www.hernandezredondo.com\/en\/wp-json\/wp\/v2\/comments?post=1317"}],"version-history":[{"count":1,"href":"https:\/\/www.hernandezredondo.com\/en\/wp-json\/wp\/v2\/pages\/1317\/revisions"}],"predecessor-version":[{"id":1318,"href":"https:\/\/www.hernandezredondo.com\/en\/wp-json\/wp\/v2\/pages\/1317\/revisions\/1318"}],"wp:attachment":[{"href":"https:\/\/www.hernandezredondo.com\/en\/wp-json\/wp\/v2\/media?parent=1317"}],"curies":[{"name":"wp","href":"https:\/\/api.w.org\/{rel}","templated":true}]}}