{"id":47,"date":"2025-09-17T08:33:51","date_gmt":"2025-09-17T08:33:51","guid":{"rendered":"https:\/\/www.hernandezredondo.com\/index.php\/about\/"},"modified":"2025-12-26T09:22:32","modified_gmt":"2025-12-26T09:22:32","slug":"conocenos","status":"publish","type":"page","link":"https:\/\/www.hernandezredondo.com\/en\/conocenos\/","title":{"rendered":"Get to know us"},"content":{"rendered":"<div data-elementor-type=\"wp-page\" data-elementor-id=\"47\" class=\"elementor elementor-47\">\n\t\t\t\t<div class=\"elementor-element elementor-element-7f922c6 e-flex e-con-boxed e-con e-parent\" data-id=\"7f922c6\" data-element_type=\"container\" data-settings=\"{&quot;background_background&quot;:&quot;classic&quot;}\">\n\t\t\t\t\t<div class=\"e-con-inner\">\n\t\t\t\t<div class=\"elementor-element elementor-element-b39b7af elementor-widget__width-initial elementor-widget elementor-widget-heading\" data-id=\"b39b7af\" data-element_type=\"widget\" data-widget_type=\"heading.default\">\n\t\t\t\t<div class=\"elementor-widget-container\">\n\t\t\t\t\t<p class=\"elementor-heading-title elementor-size-default\">Una historia de autenticidad y tradici\u00f3n familiar.<\/p>\t\t\t\t<\/div>\n\t\t\t\t<\/div>\n\t\t\t\t<div class=\"elementor-element elementor-element-ad5efec elementor-widget__width-initial elementor-widget elementor-widget-heading\" data-id=\"ad5efec\" data-element_type=\"widget\" data-widget_type=\"heading.default\">\n\t\t\t\t<div class=\"elementor-widget-container\">\n\t\t\t\t\t<h1 class=\"elementor-heading-title elementor-size-default\">Casi 100 a\u00f1os dedicados al jam\u00f3n ib\u00e9rico en Guijuelo.<\/h1>\t\t\t\t<\/div>\n\t\t\t\t<\/div>\n\t\t\t\t\t<\/div>\n\t\t\t\t<\/div>\n\t\t<div class=\"elementor-element elementor-element-1f19cca e-flex e-con-boxed e-con e-parent\" data-id=\"1f19cca\" data-element_type=\"container\" data-settings=\"{&quot;background_background&quot;:&quot;classic&quot;}\">\n\t\t\t\t\t<div class=\"e-con-inner\">\n\t\t<div class=\"elementor-element elementor-element-a6c4c0a e-con-full e-flex e-con e-child\" data-id=\"a6c4c0a\" data-element_type=\"container\">\n\t\t\t\t<div class=\"elementor-element elementor-element-c8f258e elementor-widget__width-initial elementor-widget elementor-widget-heading\" data-id=\"c8f258e\" data-element_type=\"widget\" data-widget_type=\"heading.default\">\n\t\t\t\t<div class=\"elementor-widget-container\">\n\t\t\t\t\t<p class=\"elementor-heading-title elementor-size-default\">Una familia ligada al ib\u00e9rico<\/p>\t\t\t\t<\/div>\n\t\t\t\t<\/div>\n\t\t\t\t<div class=\"elementor-element elementor-element-fa283f9 elementor-widget elementor-widget-heading\" data-id=\"fa283f9\" data-element_type=\"widget\" data-widget_type=\"heading.default\">\n\t\t\t\t<div class=\"elementor-widget-container\">\n\t\t\t\t\t<h2 class=\"elementor-heading-title elementor-size-default\">El sabor de una historia familiar<\/h2>\t\t\t\t<\/div>\n\t\t\t\t<\/div>\n\t\t\t\t<\/div>\n\t\t<div class=\"elementor-element elementor-element-3d7b73f e-con-full e-flex e-con e-child\" data-id=\"3d7b73f\" data-element_type=\"container\">\n\t\t\t\t<div class=\"elementor-element elementor-element-a19e392 elementor-widget elementor-widget-image-box\" data-id=\"a19e392\" data-element_type=\"widget\" data-widget_type=\"image-box.default\">\n\t\t\t\t<div class=\"elementor-widget-container\">\n\t\t\t\t\t<div class=\"elementor-image-box-wrapper\"><div class=\"elementor-image-box-content\"><p class=\"elementor-image-box-title\">En Hern\u00e1ndez Redondo llevamos casi un siglo dedicados al jam\u00f3n ib\u00e9rico. Todo empez\u00f3 en Guijuelo, donde generaci\u00f3n tras generaci\u00f3n hemos mantenido viva la esencia de nuestra tierra y el respeto por una forma de elaborar que no entiende de prisas.<\/p><p class=\"elementor-image-box-description\">Hoy seguimos siendo una empresa familiar que apuesta por lo de siempre: autenticidad, tradici\u00f3n y un trato cercano con quienes conf\u00edan en nosotros. Para nosotros, un jam\u00f3n no es solo un producto: es parte de nuestra historia.<\/p><\/div><\/div>\t\t\t\t<\/div>\n\t\t\t\t<\/div>\n\t\t\t\t<\/div>\n\t\t\t\t\t<\/div>\n\t\t\t\t<\/div>\n\t\t<div class=\"elementor-element elementor-element-69b05ff e-flex e-con-boxed e-con e-parent\" data-id=\"69b05ff\" data-element_type=\"container\" data-settings=\"{&quot;background_background&quot;:&quot;classic&quot;}\">\n\t\t\t\t\t<div class=\"e-con-inner\">\n\t\t<div class=\"elementor-element elementor-element-799949e e-con-full e-flex e-con e-child\" data-id=\"799949e\" data-element_type=\"container\">\n\t\t\t\t<div class=\"elementor-element elementor-element-615d8ae elementor-widget__width-initial elementor-widget elementor-widget-heading\" data-id=\"615d8ae\" data-element_type=\"widget\" data-widget_type=\"heading.default\">\n\t\t\t\t<div class=\"elementor-widget-container\">\n\t\t\t\t\t<p class=\"elementor-heading-title elementor-size-default\">Elaboramos con autenticidad porque controlamos cada paso <\/p>\t\t\t\t<\/div>\n\t\t\t\t<\/div>\n\t\t\t\t<div class=\"elementor-element elementor-element-302ea05 elementor-widget elementor-widget-heading\" data-id=\"302ea05\" data-element_type=\"widget\" data-widget_type=\"heading.default\">\n\t\t\t\t<div class=\"elementor-widget-container\">\n\t\t\t\t\t<h2 class=\"elementor-heading-title elementor-size-default\">Controlamos todo el proceso: desde la granja hasta la f\u00e1brica<\/h2>\t\t\t\t<\/div>\n\t\t\t\t<\/div>\n\t\t\t\t<\/div>\n\t\t<div class=\"elementor-element elementor-element-197e30f e-con-full e-flex e-con e-child\" data-id=\"197e30f\" data-element_type=\"container\">\n\t\t<div class=\"elementor-element elementor-element-f46ae64 e-flex e-con-boxed e-con e-child\" data-id=\"f46ae64\" data-element_type=\"container\">\n\t\t\t\t\t<div class=\"e-con-inner\">\n\t\t\t\t<div class=\"elementor-element elementor-element-f22b262 elementor-widget elementor-widget-hfe-infocard\" data-id=\"f22b262\" data-element_type=\"widget\" data-widget_type=\"hfe-infocard.default\">\n\t\t\t\t<div class=\"elementor-widget-container\">\n\t\t\t\t\t\n\t\t<div class=\"hfe-infocard\">\n\t\t\t\t\t\t\t\t\t<div class=\"hfe-infocard-title-wrap\">\n\t\t\t\t<h3 class=\"hfe-infocard-title elementor-inline-editing\" data-elementor-setting-key=\"infocard_title\" data-elementor-inline-editing-toolbar=\"basic\" >De nuestras granjas<\/h3>\t\t\t<\/div>\n\t\t\t\t\t\t<div class=\"hfe-infocard-text-wrap\">\n\t\t\t\t<div class=\"hfe-infocard-text elementor-inline-editing\" data-elementor-setting-key=\"infocard_description\" data-elementor-inline-editing-toolbar=\"advanced\">\n\t\t\t\t\tEn Hern\u00e1ndez Redondo criamos nuestros propios cerdos ib\u00e9ricos. Esto nos permite garantizar su bienestar y cuidar de su alimentaci\u00f3n desde el primer d\u00eda. Para nosotros, la calidad empieza en el origen, y contar con nuestras propias granjas nos da la tranquilidad de ofrecer siempre un producto aut\u00e9ntico y fiel a nuestra forma de entender el ib\u00e9rico.\t\t\t\t<\/div>\n\t\t\t\t\t\t\t<\/div>\n\t\t<\/div>\n\n\t\t\t\t\t\t<\/div>\n\t\t\t\t<\/div>\n\t\t\t\t<div class=\"elementor-element elementor-element-1a3674d elementor-widget elementor-widget-image\" data-id=\"1a3674d\" data-element_type=\"widget\" data-widget_type=\"image.default\">\n\t\t\t\t<div class=\"elementor-widget-container\">\n\t\t\t\t\t\t\t\t\t\t\t\t\t\t\t<img fetchpriority=\"high\" decoding=\"async\" width=\"600\" height=\"626\" src=\"https:\/\/www.hernandezredondo.com\/wp-content\/uploads\/2025\/12\/Diseno-sin-titulo-2025-12-26T100952.462.png\" class=\"attachment-large size-large wp-image-1370\" alt=\"\" srcset=\"https:\/\/www.hernandezredondo.com\/wp-content\/uploads\/2025\/12\/Diseno-sin-titulo-2025-12-26T100952.462.png 600w, https:\/\/www.hernandezredondo.com\/wp-content\/uploads\/2025\/12\/Diseno-sin-titulo-2025-12-26T100952.462-288x300.png 288w, https:\/\/www.hernandezredondo.com\/wp-content\/uploads\/2025\/12\/Diseno-sin-titulo-2025-12-26T100952.462-12x12.png 12w\" sizes=\"(max-width: 600px) 100vw, 600px\" \/>\t\t\t\t\t\t\t\t\t\t\t\t\t\t\t<\/div>\n\t\t\t\t<\/div>\n\t\t\t\t\t<\/div>\n\t\t\t\t<\/div>\n\t\t<div class=\"elementor-element elementor-element-a6305bb e-flex e-con-boxed e-con e-child\" data-id=\"a6305bb\" data-element_type=\"container\">\n\t\t\t\t\t<div class=\"e-con-inner\">\n\t\t\t\t<div class=\"elementor-element elementor-element-421d8d2 elementor-widget elementor-widget-hfe-infocard\" data-id=\"421d8d2\" data-element_type=\"widget\" data-widget_type=\"hfe-infocard.default\">\n\t\t\t\t<div class=\"elementor-widget-container\">\n\t\t\t\t\t\n\t\t<div class=\"hfe-infocard\">\n\t\t\t\t\t\t\t\t\t<div class=\"hfe-infocard-title-wrap\">\n\t\t\t\t<h3 class=\"hfe-infocard-title elementor-inline-editing\" data-elementor-setting-key=\"infocard_title\" data-elementor-inline-editing-toolbar=\"basic\" >Nuestra f\u00e1brica<\/h3>\t\t\t<\/div>\n\t\t\t\t\t\t<div class=\"hfe-infocard-text-wrap\">\n\t\t\t\t<div class=\"hfe-infocard-text elementor-inline-editing\" data-elementor-setting-key=\"infocard_description\" data-elementor-inline-editing-toolbar=\"advanced\">\n\t\t\t\t\tEn Guijuelo, cuna del ib\u00e9rico, contamos con f\u00e1brica propia donde cada pieza se cura de manera natural y con el tiempo necesario. Al controlar todo el proceso en nuestras instalaciones, mantenemos la esencia de la tradici\u00f3n y aseguramos que cada jam\u00f3n lleve nuestro sello de calidad y compromiso\t\t\t\t<\/div>\n\t\t\t\t\t\t\t<\/div>\n\t\t<\/div>\n\n\t\t\t\t\t\t<\/div>\n\t\t\t\t<\/div>\n\t\t\t\t<div class=\"elementor-element elementor-element-40d139c elementor-widget elementor-widget-image\" data-id=\"40d139c\" data-element_type=\"widget\" data-widget_type=\"image.default\">\n\t\t\t\t<div class=\"elementor-widget-container\">\n\t\t\t\t\t\t\t\t\t\t\t\t\t\t\t<img decoding=\"async\" width=\"600\" height=\"626\" src=\"https:\/\/www.hernandezredondo.com\/wp-content\/uploads\/2025\/09\/2.jpg\" class=\"attachment-large size-large wp-image-1192\" alt=\"\" srcset=\"https:\/\/www.hernandezredondo.com\/wp-content\/uploads\/2025\/09\/2.jpg 600w, https:\/\/www.hernandezredondo.com\/wp-content\/uploads\/2025\/09\/2-288x300.jpg 288w\" sizes=\"(max-width: 600px) 100vw, 600px\" \/>\t\t\t\t\t\t\t\t\t\t\t\t\t\t\t<\/div>\n\t\t\t\t<\/div>\n\t\t\t\t\t<\/div>\n\t\t\t\t<\/div>\n\t\t\t\t<\/div>\n\t\t\t\t\t<\/div>\n\t\t\t\t<\/div>\n\t\t<div class=\"elementor-element elementor-element-db74b74 e-flex e-con-boxed e-con e-parent\" data-id=\"db74b74\" data-element_type=\"container\" data-settings=\"{&quot;background_background&quot;:&quot;classic&quot;}\">\n\t\t\t\t\t<div class=\"e-con-inner\">\n\t\t\t\t<div class=\"elementor-element elementor-element-f81ebf7 elementor-widget__width-initial elementor-widget elementor-widget-heading\" data-id=\"f81ebf7\" data-element_type=\"widget\" data-widget_type=\"heading.default\">\n\t\t\t\t<div class=\"elementor-widget-container\">\n\t\t\t\t\t<p class=\"elementor-heading-title elementor-size-default\">Nuestros ib\u00e9ricos, tambi\u00e9n en la web<\/p>\t\t\t\t<\/div>\n\t\t\t\t<\/div>\n\t\t\t\t<div class=\"elementor-element elementor-element-c4d627c elementor-widget__width-initial elementor-widget elementor-widget-heading\" data-id=\"c4d627c\" data-element_type=\"widget\" data-widget_type=\"heading.default\">\n\t\t\t\t<div class=\"elementor-widget-container\">\n\t\t\t\t\t<h2 class=\"elementor-heading-title elementor-size-default\">El aut\u00e9ntico jam\u00f3n ib\u00e9rico de Guijuelo, ahora tambi\u00e9n online.<\/h2>\t\t\t\t<\/div>\n\t\t\t\t<\/div>\n\t\t\t\t<div class=\"elementor-element elementor-element-2917742 elementor-widget elementor-widget-button\" data-id=\"2917742\" data-element_type=\"widget\" data-widget_type=\"button.default\">\n\t\t\t\t<div class=\"elementor-widget-container\">\n\t\t\t\t\t\t\t\t\t<div class=\"elementor-button-wrapper\">\n\t\t\t\t\t<a class=\"elementor-button elementor-button-link elementor-size-sm\" href=\"#\">\n\t\t\t\t\t\t<span class=\"elementor-button-content-wrapper\">\n\t\t\t\t\t\t\t\t\t<span class=\"elementor-button-text\">Ir a la tienda<\/span>\n\t\t\t\t\t<\/span>\n\t\t\t\t\t<\/a>\n\t\t\t\t<\/div>\n\t\t\t\t\t\t\t\t<\/div>\n\t\t\t\t<\/div>\n\t\t\t\t\t<\/div>\n\t\t\t\t<\/div>\n\t\t\t\t<\/div>","protected":false},"excerpt":{"rendered":"<p>Una historia de autenticidad y tradici\u00f3n familiar. Casi 100 a\u00f1os dedicados al jam\u00f3n ib\u00e9rico en Guijuelo. Una familia ligada al [&hellip;]<\/p>","protected":false},"author":1,"featured_media":0,"parent":0,"menu_order":0,"comment_status":"closed","ping_status":"closed","template":"","meta":{"site-sidebar-layout":"no-sidebar","site-content-layout":"","ast-site-content-layout":"full-width-container","site-content-style":"default","site-sidebar-style":"default","ast-global-header-display":"","ast-banner-title-visibility":"","ast-main-header-display":"","ast-hfb-above-header-display":"","ast-hfb-below-header-display":"","ast-hfb-mobile-header-display":"","site-post-title":"disabled","ast-breadcrumbs-content":"","ast-featured-img":"disabled","footer-sml-layout":"","theme-transparent-header-meta":"enabled","adv-header-id-meta":"","stick-header-meta":"","header-above-stick-meta":"","header-main-stick-meta":"","header-below-stick-meta":"","astra-migrate-meta-layouts":"default","ast-page-background-enabled":"default","ast-page-background-meta":{"desktop":{"background-color":"var(--ast-global-color-4)","background-image":"","background-repeat":"repeat","background-position":"center center","background-size":"auto","background-attachment":"scroll","background-type":"","background-media":"","overlay-type":"","overlay-color":"","overlay-opacity":"","overlay-gradient":""},"tablet":{"background-color":"","background-image":"","background-repeat":"repeat","background-position":"center center","background-size":"auto","background-attachment":"scroll","background-type":"","background-media":"","overlay-type":"","overlay-color":"","overlay-opacity":"","overlay-gradient":""},"mobile":{"background-color":"","background-image":"","background-repeat":"repeat","background-position":"center center","background-size":"auto","background-attachment":"scroll","background-type":"","background-media":"","overlay-type":"","overlay-color":"","overlay-opacity":"","overlay-gradient":""}},"ast-content-background-meta":{"desktop":{"background-color":"var(--ast-global-color-5)","background-image":"","background-repeat":"repeat","background-position":"center center","background-size":"auto","background-attachment":"scroll","background-type":"","background-media":"","overlay-type":"","overlay-color":"","overlay-opacity":"","overlay-gradient":""},"tablet":{"background-color":"var(--ast-global-color-5)","background-image":"","background-repeat":"repeat","background-position":"center center","background-size":"auto","background-attachment":"scroll","background-type":"","background-media":"","overlay-type":"","overlay-color":"","overlay-opacity":"","overlay-gradient":""},"mobile":{"background-color":"var(--ast-global-color-5)","background-image":"","background-repeat":"repeat","background-position":"center center","background-size":"auto","background-attachment":"scroll","background-type":"","background-media":"","overlay-type":"","overlay-color":"","overlay-opacity":"","overlay-gradient":""}},"footnotes":""},"class_list":["post-47","page","type-page","status-publish","hentry"],"yoast_head":"<!-- This site is optimized with the Yoast SEO plugin v26.6 - https:\/\/yoast.com\/wordpress\/plugins\/seo\/ -->\n<title>Con\u00f3cenos - Hern\u00e1ndez Redondo<\/title>\n<meta name=\"robots\" content=\"index, follow, max-snippet:-1, max-image-preview:large, max-video-preview:-1\" \/>\n<link rel=\"canonical\" href=\"https:\/\/www.hernandezredondo.com\/en\/conocenos\/\" \/>\n<meta property=\"og:locale\" content=\"en_GB\" \/>\n<meta property=\"og:type\" content=\"article\" \/>\n<meta property=\"og:title\" content=\"Con\u00f3cenos - Hern\u00e1ndez Redondo\" \/>\n<meta property=\"og:description\" content=\"Una historia de autenticidad y tradici\u00f3n familiar. Casi 100 a\u00f1os dedicados al jam\u00f3n ib\u00e9rico en Guijuelo. Una familia ligada al [&hellip;]\" \/>\n<meta property=\"og:url\" content=\"https:\/\/www.hernandezredondo.com\/en\/conocenos\/\" \/>\n<meta property=\"og:site_name\" content=\"Hern\u00e1ndez Redondo\" \/>\n<meta property=\"article:modified_time\" content=\"2025-12-26T09:22:32+00:00\" \/>\n<meta property=\"og:image\" content=\"https:\/\/www.hernandezredondo.com\/wp-content\/uploads\/2025\/12\/Diseno-sin-titulo-2025-12-26T100952.462.png\" \/>\n\t<meta property=\"og:image:width\" content=\"600\" \/>\n\t<meta property=\"og:image:height\" content=\"626\" \/>\n\t<meta property=\"og:image:type\" content=\"image\/png\" \/>\n<meta name=\"twitter:card\" content=\"summary_large_image\" \/>\n<meta name=\"twitter:label1\" content=\"Estimated reading time\" \/>\n\t<meta name=\"twitter:data1\" content=\"2 minutes\" \/>\n<script type=\"application\/ld+json\" class=\"yoast-schema-graph\">{\"@context\":\"https:\/\/schema.org\",\"@graph\":[{\"@type\":\"WebPage\",\"@id\":\"https:\/\/www.hernandezredondo.com\/conocenos\/\",\"url\":\"https:\/\/www.hernandezredondo.com\/conocenos\/\",\"name\":\"Con\u00f3cenos - Hern\u00e1ndez Redondo\",\"isPartOf\":{\"@id\":\"https:\/\/www.hernandezredondo.com\/#website\"},\"primaryImageOfPage\":{\"@id\":\"https:\/\/www.hernandezredondo.com\/conocenos\/#primaryimage\"},\"image\":{\"@id\":\"https:\/\/www.hernandezredondo.com\/conocenos\/#primaryimage\"},\"thumbnailUrl\":\"https:\/\/www.hernandezredondo.com\/wp-content\/uploads\/2025\/12\/Diseno-sin-titulo-2025-12-26T100952.462.png\",\"datePublished\":\"2025-09-17T08:33:51+00:00\",\"dateModified\":\"2025-12-26T09:22:32+00:00\",\"breadcrumb\":{\"@id\":\"https:\/\/www.hernandezredondo.com\/conocenos\/#breadcrumb\"},\"inLanguage\":\"en-GB\",\"potentialAction\":[{\"@type\":\"ReadAction\",\"target\":[\"https:\/\/www.hernandezredondo.com\/conocenos\/\"]}]},{\"@type\":\"ImageObject\",\"inLanguage\":\"en-GB\",\"@id\":\"https:\/\/www.hernandezredondo.com\/conocenos\/#primaryimage\",\"url\":\"https:\/\/www.hernandezredondo.com\/wp-content\/uploads\/2025\/12\/Diseno-sin-titulo-2025-12-26T100952.462.png\",\"contentUrl\":\"https:\/\/www.hernandezredondo.com\/wp-content\/uploads\/2025\/12\/Diseno-sin-titulo-2025-12-26T100952.462.png\"},{\"@type\":\"BreadcrumbList\",\"@id\":\"https:\/\/www.hernandezredondo.com\/conocenos\/#breadcrumb\",\"itemListElement\":[{\"@type\":\"ListItem\",\"position\":1,\"name\":\"Portada\",\"item\":\"https:\/\/www.hernandezredondo.com\/\"},{\"@type\":\"ListItem\",\"position\":2,\"name\":\"Con\u00f3cenos\"}]},{\"@type\":\"WebSite\",\"@id\":\"https:\/\/www.hernandezredondo.com\/#website\",\"url\":\"https:\/\/www.hernandezredondo.com\/\",\"name\":\"Hern\u00e1ndez Redondo\",\"description\":\"\",\"publisher\":{\"@id\":\"https:\/\/www.hernandezredondo.com\/#organization\"},\"potentialAction\":[{\"@type\":\"SearchAction\",\"target\":{\"@type\":\"EntryPoint\",\"urlTemplate\":\"https:\/\/www.hernandezredondo.com\/?s={search_term_string}\"},\"query-input\":{\"@type\":\"PropertyValueSpecification\",\"valueRequired\":true,\"valueName\":\"search_term_string\"}}],\"inLanguage\":\"en-GB\"},{\"@type\":\"Organization\",\"@id\":\"https:\/\/www.hernandezredondo.com\/#organization\",\"name\":\"Hern\u00e1ndez Redondo\",\"url\":\"https:\/\/www.hernandezredondo.com\/\",\"logo\":{\"@type\":\"ImageObject\",\"inLanguage\":\"en-GB\",\"@id\":\"https:\/\/www.hernandezredondo.com\/#\/schema\/logo\/image\/\",\"url\":\"https:\/\/www.hernandezredondo.com\/wp-content\/uploads\/2025\/09\/cropped-Diseno-sin-titulo-2025-09-17T100936.388.png\",\"contentUrl\":\"https:\/\/www.hernandezredondo.com\/wp-content\/uploads\/2025\/09\/cropped-Diseno-sin-titulo-2025-09-17T100936.388.png\",\"width\":588,\"height\":528,\"caption\":\"Hern\u00e1ndez Redondo\"},\"image\":{\"@id\":\"https:\/\/www.hernandezredondo.com\/#\/schema\/logo\/image\/\"}}]}<\/script>\n<!-- \/ Yoast SEO plugin. -->","yoast_head_json":{"title":"Con\u00f3cenos - Hern\u00e1ndez Redondo","robots":{"index":"index","follow":"follow","max-snippet":"max-snippet:-1","max-image-preview":"max-image-preview:large","max-video-preview":"max-video-preview:-1"},"canonical":"https:\/\/www.hernandezredondo.com\/en\/conocenos\/","og_locale":"en_GB","og_type":"article","og_title":"Con\u00f3cenos - Hern\u00e1ndez Redondo","og_description":"Una historia de autenticidad y tradici\u00f3n familiar. Casi 100 a\u00f1os dedicados al jam\u00f3n ib\u00e9rico en Guijuelo. Una familia ligada al [&hellip;]","og_url":"https:\/\/www.hernandezredondo.com\/en\/conocenos\/","og_site_name":"Hern\u00e1ndez Redondo","article_modified_time":"2025-12-26T09:22:32+00:00","og_image":[{"width":600,"height":626,"url":"https:\/\/www.hernandezredondo.com\/wp-content\/uploads\/2025\/12\/Diseno-sin-titulo-2025-12-26T100952.462.png","type":"image\/png"}],"twitter_card":"summary_large_image","twitter_misc":{"Estimated reading time":"2 minutes"},"schema":{"@context":"https:\/\/schema.org","@graph":[{"@type":"WebPage","@id":"https:\/\/www.hernandezredondo.com\/conocenos\/","url":"https:\/\/www.hernandezredondo.com\/conocenos\/","name":"Con\u00f3cenos - Hern\u00e1ndez Redondo","isPartOf":{"@id":"https:\/\/www.hernandezredondo.com\/#website"},"primaryImageOfPage":{"@id":"https:\/\/www.hernandezredondo.com\/conocenos\/#primaryimage"},"image":{"@id":"https:\/\/www.hernandezredondo.com\/conocenos\/#primaryimage"},"thumbnailUrl":"https:\/\/www.hernandezredondo.com\/wp-content\/uploads\/2025\/12\/Diseno-sin-titulo-2025-12-26T100952.462.png","datePublished":"2025-09-17T08:33:51+00:00","dateModified":"2025-12-26T09:22:32+00:00","breadcrumb":{"@id":"https:\/\/www.hernandezredondo.com\/conocenos\/#breadcrumb"},"inLanguage":"en-GB","potentialAction":[{"@type":"ReadAction","target":["https:\/\/www.hernandezredondo.com\/conocenos\/"]}]},{"@type":"ImageObject","inLanguage":"en-GB","@id":"https:\/\/www.hernandezredondo.com\/conocenos\/#primaryimage","url":"https:\/\/www.hernandezredondo.com\/wp-content\/uploads\/2025\/12\/Diseno-sin-titulo-2025-12-26T100952.462.png","contentUrl":"https:\/\/www.hernandezredondo.com\/wp-content\/uploads\/2025\/12\/Diseno-sin-titulo-2025-12-26T100952.462.png"},{"@type":"BreadcrumbList","@id":"https:\/\/www.hernandezredondo.com\/conocenos\/#breadcrumb","itemListElement":[{"@type":"ListItem","position":1,"name":"Portada","item":"https:\/\/www.hernandezredondo.com\/"},{"@type":"ListItem","position":2,"name":"Con\u00f3cenos"}]},{"@type":"WebSite","@id":"https:\/\/www.hernandezredondo.com\/#website","url":"https:\/\/www.hernandezredondo.com\/","name":"Hern\u00e1ndez Redondo","description":"","publisher":{"@id":"https:\/\/www.hernandezredondo.com\/#organization"},"potentialAction":[{"@type":"SearchAction","target":{"@type":"EntryPoint","urlTemplate":"https:\/\/www.hernandezredondo.com\/?s={search_term_string}"},"query-input":{"@type":"PropertyValueSpecification","valueRequired":true,"valueName":"search_term_string"}}],"inLanguage":"en-GB"},{"@type":"Organization","@id":"https:\/\/www.hernandezredondo.com\/#organization","name":"Hern\u00e1ndez Redondo","url":"https:\/\/www.hernandezredondo.com\/","logo":{"@type":"ImageObject","inLanguage":"en-GB","@id":"https:\/\/www.hernandezredondo.com\/#\/schema\/logo\/image\/","url":"https:\/\/www.hernandezredondo.com\/wp-content\/uploads\/2025\/09\/cropped-Diseno-sin-titulo-2025-09-17T100936.388.png","contentUrl":"https:\/\/www.hernandezredondo.com\/wp-content\/uploads\/2025\/09\/cropped-Diseno-sin-titulo-2025-09-17T100936.388.png","width":588,"height":528,"caption":"Hern\u00e1ndez Redondo"},"image":{"@id":"https:\/\/www.hernandezredondo.com\/#\/schema\/logo\/image\/"}}]}},"_links":{"self":[{"href":"https:\/\/www.hernandezredondo.com\/en\/wp-json\/wp\/v2\/pages\/47","targetHints":{"allow":["GET"]}}],"collection":[{"href":"https:\/\/www.hernandezredondo.com\/en\/wp-json\/wp\/v2\/pages"}],"about":[{"href":"https:\/\/www.hernandezredondo.com\/en\/wp-json\/wp\/v2\/types\/page"}],"author":[{"embeddable":true,"href":"https:\/\/www.hernandezredondo.com\/en\/wp-json\/wp\/v2\/users\/1"}],"replies":[{"embeddable":true,"href":"https:\/\/www.hernandezredondo.com\/en\/wp-json\/wp\/v2\/comments?post=47"}],"version-history":[{"count":16,"href":"https:\/\/www.hernandezredondo.com\/en\/wp-json\/wp\/v2\/pages\/47\/revisions"}],"predecessor-version":[{"id":1377,"href":"https:\/\/www.hernandezredondo.com\/en\/wp-json\/wp\/v2\/pages\/47\/revisions\/1377"}],"wp:attachment":[{"href":"https:\/\/www.hernandezredondo.com\/en\/wp-json\/wp\/v2\/media?parent=47"}],"curies":[{"name":"wp","href":"https:\/\/api.w.org\/{rel}","templated":true}]}}