{"id":1280,"date":"2025-09-18T08:53:17","date_gmt":"2025-09-18T08:53:17","guid":{"rendered":"https:\/\/www.hernandezredondo.com\/?post_type=product&#038;p=1280"},"modified":"2025-09-18T09:06:45","modified_gmt":"2025-09-18T09:06:45","slug":"paleta-iberico-50-cebo-deshuesado","status":"publish","type":"product","link":"https:\/\/www.hernandezredondo.com\/en\/product\/paleta-iberico-50-cebo-deshuesado\/","title":{"rendered":"Paleta iberico 50% cebo - Boneless"},"content":{"rendered":"<p>Pensada para quienes buscan la intensidad de la paleta ib\u00e9rica en una versi\u00f3n m\u00e1s pr\u00e1ctica, la paleta ib\u00e9rica 50% de cebo deshuesada es c\u00f3moda de almacenar y de aprovechar por completo. Su carne jugosa y llena de matices mantiene intacto el sabor caracter\u00edstico del ib\u00e9rico, pero sin la dificultad del hueso. Es la elecci\u00f3n perfecta para disfrutar del producto en casa de una manera m\u00e1s \u00e1gil, sin renunciar al legado y la calidad que nos identifican en Hern\u00e1ndez Redondo.<\/p>","protected":false},"excerpt":{"rendered":"<p data-start=\"817\" data-end=\"877\">La paleta ib\u00e9rica 50% de cebo deshuesada ofrece todo el sabor de la pieza, pero en un formato pr\u00e1ctico y f\u00e1cil de cortar. Sin hueso, se aprovecha al m\u00e1ximo y permite tener siempre disponible un producto de calidad. Una alternativa c\u00f3moda que no pierde ni un \u00e1pice de autenticidad.<\/p>","protected":false},"featured_media":1275,"comment_status":"open","ping_status":"closed","template":"","meta":{"site-sidebar-layout":"default","site-content-layout":"","ast-site-content-layout":"default","site-content-style":"default","site-sidebar-style":"default","ast-global-header-display":"","ast-banner-title-visibility":"","ast-main-header-display":"","ast-hfb-above-header-display":"","ast-hfb-below-header-display":"","ast-hfb-mobile-header-display":"","site-post-title":"","ast-breadcrumbs-content":"","ast-featured-img":"","footer-sml-layout":"","theme-transparent-header-meta":"default","adv-header-id-meta":"","stick-header-meta":"","header-above-stick-meta":"","header-main-stick-meta":"","header-below-stick-meta":"","astra-migrate-meta-layouts":"set","ast-page-background-enabled":"default","ast-page-background-meta":{"desktop":{"background-color":"var(--ast-global-color-4)","background-image":"","background-repeat":"repeat","background-position":"center center","background-size":"auto","background-attachment":"scroll","background-type":"","background-media":"","overlay-type":"","overlay-color":"","overlay-opacity":"","overlay-gradient":""},"tablet":{"background-color":"","background-image":"","background-repeat":"repeat","background-position":"center center","background-size":"auto","background-attachment":"scroll","background-type":"","background-media":"","overlay-type":"","overlay-color":"","overlay-opacity":"","overlay-gradient":""},"mobile":{"background-color":"","background-image":"","background-repeat":"repeat","background-position":"center center","background-size":"auto","background-attachment":"scroll","background-type":"","background-media":"","overlay-type":"","overlay-color":"","overlay-opacity":"","overlay-gradient":""}},"ast-content-background-meta":{"desktop":{"background-color":"var(--ast-global-color-5)","background-image":"","background-repeat":"repeat","background-position":"center center","background-size":"auto","background-attachment":"scroll","background-type":"","background-media":"","overlay-type":"","overlay-color":"","overlay-opacity":"","overlay-gradient":""},"tablet":{"background-color":"var(--ast-global-color-5)","background-image":"","background-repeat":"repeat","background-position":"center center","background-size":"auto","background-attachment":"scroll","background-type":"","background-media":"","overlay-type":"","overlay-color":"","overlay-opacity":"","overlay-gradient":""},"mobile":{"background-color":"var(--ast-global-color-5)","background-image":"","background-repeat":"repeat","background-position":"center center","background-size":"auto","background-attachment":"scroll","background-type":"","background-media":"","overlay-type":"","overlay-color":"","overlay-opacity":"","overlay-gradient":""}}},"product_brand":[],"product_cat":[24],"product_tag":[],"class_list":{"0":"post-1280","1":"product","2":"type-product","3":"status-publish","4":"has-post-thumbnail","6":"product_cat-paletas","7":"desktop-align-left","8":"tablet-align-left","9":"mobile-align-left","11":"first","12":"instock","13":"shipping-taxable","14":"purchasable","15":"product-type-simple"},"yoast_head":"<!-- This site is optimized with the Yoast SEO plugin v26.6 - https:\/\/yoast.com\/wordpress\/plugins\/seo\/ -->\n<title>Paleta ib\u00e9rico 50% cebo \u2013 Deshuesado - Hern\u00e1ndez Redondo<\/title>\n<meta name=\"robots\" content=\"index, follow, max-snippet:-1, max-image-preview:large, max-video-preview:-1\" \/>\n<link rel=\"canonical\" href=\"https:\/\/www.hernandezredondo.com\/en\/product\/paleta-iberico-50-cebo-deshuesado\/\" \/>\n<meta property=\"og:locale\" content=\"en_GB\" \/>\n<meta property=\"og:type\" content=\"article\" \/>\n<meta property=\"og:title\" content=\"Paleta ib\u00e9rico 50% cebo \u2013 Deshuesado - Hern\u00e1ndez Redondo\" \/>\n<meta property=\"og:description\" content=\"La paleta ib\u00e9rica 50% de cebo deshuesada ofrece todo el sabor de la pieza, pero en un formato pr\u00e1ctico y f\u00e1cil de cortar. Sin hueso, se aprovecha al m\u00e1ximo y permite tener siempre disponible un producto de calidad. Una alternativa c\u00f3moda que no pierde ni un \u00e1pice de autenticidad.\" \/>\n<meta property=\"og:url\" content=\"https:\/\/www.hernandezredondo.com\/en\/product\/paleta-iberico-50-cebo-deshuesado\/\" \/>\n<meta property=\"og:site_name\" content=\"Hern\u00e1ndez Redondo\" \/>\n<meta property=\"article:modified_time\" content=\"2025-09-18T09:06:45+00:00\" \/>\n<meta property=\"og:image\" content=\"https:\/\/www.hernandezredondo.com\/wp-content\/uploads\/2025\/09\/7.png\" \/>\n\t<meta property=\"og:image:width\" content=\"600\" \/>\n\t<meta property=\"og:image:height\" content=\"626\" \/>\n\t<meta property=\"og:image:type\" content=\"image\/png\" \/>\n<meta name=\"twitter:card\" content=\"summary_large_image\" \/>\n<meta name=\"twitter:label1\" content=\"Estimated reading time\" \/>\n\t<meta name=\"twitter:data1\" content=\"1 minute\" \/>\n<script type=\"application\/ld+json\" class=\"yoast-schema-graph\">{\"@context\":\"https:\/\/schema.org\",\"@graph\":[{\"@type\":\"WebPage\",\"@id\":\"https:\/\/www.hernandezredondo.com\/producto\/paleta-iberico-50-cebo-deshuesado\/\",\"url\":\"https:\/\/www.hernandezredondo.com\/producto\/paleta-iberico-50-cebo-deshuesado\/\",\"name\":\"Paleta ib\u00e9rico 50% cebo \u2013 Deshuesado - Hern\u00e1ndez Redondo\",\"isPartOf\":{\"@id\":\"https:\/\/www.hernandezredondo.com\/#website\"},\"primaryImageOfPage\":{\"@id\":\"https:\/\/www.hernandezredondo.com\/producto\/paleta-iberico-50-cebo-deshuesado\/#primaryimage\"},\"image\":{\"@id\":\"https:\/\/www.hernandezredondo.com\/producto\/paleta-iberico-50-cebo-deshuesado\/#primaryimage\"},\"thumbnailUrl\":\"https:\/\/www.hernandezredondo.com\/wp-content\/uploads\/2025\/09\/7.png\",\"datePublished\":\"2025-09-18T08:53:17+00:00\",\"dateModified\":\"2025-09-18T09:06:45+00:00\",\"breadcrumb\":{\"@id\":\"https:\/\/www.hernandezredondo.com\/producto\/paleta-iberico-50-cebo-deshuesado\/#breadcrumb\"},\"inLanguage\":\"en-GB\",\"potentialAction\":[{\"@type\":\"ReadAction\",\"target\":[\"https:\/\/www.hernandezredondo.com\/producto\/paleta-iberico-50-cebo-deshuesado\/\"]}]},{\"@type\":\"ImageObject\",\"inLanguage\":\"en-GB\",\"@id\":\"https:\/\/www.hernandezredondo.com\/producto\/paleta-iberico-50-cebo-deshuesado\/#primaryimage\",\"url\":\"https:\/\/www.hernandezredondo.com\/wp-content\/uploads\/2025\/09\/7.png\",\"contentUrl\":\"https:\/\/www.hernandezredondo.com\/wp-content\/uploads\/2025\/09\/7.png\",\"width\":600,\"height\":626},{\"@type\":\"BreadcrumbList\",\"@id\":\"https:\/\/www.hernandezredondo.com\/producto\/paleta-iberico-50-cebo-deshuesado\/#breadcrumb\",\"itemListElement\":[{\"@type\":\"ListItem\",\"position\":1,\"name\":\"Portada\",\"item\":\"https:\/\/www.hernandezredondo.com\/\"},{\"@type\":\"ListItem\",\"position\":2,\"name\":\"Tienda online\",\"item\":\"https:\/\/www.hernandezredondo.com\/tienda-online\/\"},{\"@type\":\"ListItem\",\"position\":3,\"name\":\"Paleta ib\u00e9rico 50% cebo \u2013 Deshuesado\"}]},{\"@type\":\"WebSite\",\"@id\":\"https:\/\/www.hernandezredondo.com\/#website\",\"url\":\"https:\/\/www.hernandezredondo.com\/\",\"name\":\"Hern\u00e1ndez Redondo\",\"description\":\"\",\"publisher\":{\"@id\":\"https:\/\/www.hernandezredondo.com\/#organization\"},\"potentialAction\":[{\"@type\":\"SearchAction\",\"target\":{\"@type\":\"EntryPoint\",\"urlTemplate\":\"https:\/\/www.hernandezredondo.com\/?s={search_term_string}\"},\"query-input\":{\"@type\":\"PropertyValueSpecification\",\"valueRequired\":true,\"valueName\":\"search_term_string\"}}],\"inLanguage\":\"en-GB\"},{\"@type\":\"Organization\",\"@id\":\"https:\/\/www.hernandezredondo.com\/#organization\",\"name\":\"Hern\u00e1ndez Redondo\",\"url\":\"https:\/\/www.hernandezredondo.com\/\",\"logo\":{\"@type\":\"ImageObject\",\"inLanguage\":\"en-GB\",\"@id\":\"https:\/\/www.hernandezredondo.com\/#\/schema\/logo\/image\/\",\"url\":\"https:\/\/www.hernandezredondo.com\/wp-content\/uploads\/2025\/09\/cropped-Diseno-sin-titulo-2025-09-17T100936.388.png\",\"contentUrl\":\"https:\/\/www.hernandezredondo.com\/wp-content\/uploads\/2025\/09\/cropped-Diseno-sin-titulo-2025-09-17T100936.388.png\",\"width\":588,\"height\":528,\"caption\":\"Hern\u00e1ndez Redondo\"},\"image\":{\"@id\":\"https:\/\/www.hernandezredondo.com\/#\/schema\/logo\/image\/\"}}]}<\/script>\n<!-- \/ Yoast SEO plugin. -->","yoast_head_json":{"title":"Paleta ib\u00e9rico 50% cebo \u2013 Deshuesado - Hern\u00e1ndez Redondo","robots":{"index":"index","follow":"follow","max-snippet":"max-snippet:-1","max-image-preview":"max-image-preview:large","max-video-preview":"max-video-preview:-1"},"canonical":"https:\/\/www.hernandezredondo.com\/en\/product\/paleta-iberico-50-cebo-deshuesado\/","og_locale":"en_GB","og_type":"article","og_title":"Paleta ib\u00e9rico 50% cebo \u2013 Deshuesado - Hern\u00e1ndez Redondo","og_description":"La paleta ib\u00e9rica 50% de cebo deshuesada ofrece todo el sabor de la pieza, pero en un formato pr\u00e1ctico y f\u00e1cil de cortar. Sin hueso, se aprovecha al m\u00e1ximo y permite tener siempre disponible un producto de calidad. Una alternativa c\u00f3moda que no pierde ni un \u00e1pice de autenticidad.","og_url":"https:\/\/www.hernandezredondo.com\/en\/product\/paleta-iberico-50-cebo-deshuesado\/","og_site_name":"Hern\u00e1ndez Redondo","article_modified_time":"2025-09-18T09:06:45+00:00","og_image":[{"width":600,"height":626,"url":"https:\/\/www.hernandezredondo.com\/wp-content\/uploads\/2025\/09\/7.png","type":"image\/png"}],"twitter_card":"summary_large_image","twitter_misc":{"Estimated reading time":"1 minute"},"schema":{"@context":"https:\/\/schema.org","@graph":[{"@type":"WebPage","@id":"https:\/\/www.hernandezredondo.com\/producto\/paleta-iberico-50-cebo-deshuesado\/","url":"https:\/\/www.hernandezredondo.com\/producto\/paleta-iberico-50-cebo-deshuesado\/","name":"Paleta ib\u00e9rico 50% cebo \u2013 Deshuesado - Hern\u00e1ndez Redondo","isPartOf":{"@id":"https:\/\/www.hernandezredondo.com\/#website"},"primaryImageOfPage":{"@id":"https:\/\/www.hernandezredondo.com\/producto\/paleta-iberico-50-cebo-deshuesado\/#primaryimage"},"image":{"@id":"https:\/\/www.hernandezredondo.com\/producto\/paleta-iberico-50-cebo-deshuesado\/#primaryimage"},"thumbnailUrl":"https:\/\/www.hernandezredondo.com\/wp-content\/uploads\/2025\/09\/7.png","datePublished":"2025-09-18T08:53:17+00:00","dateModified":"2025-09-18T09:06:45+00:00","breadcrumb":{"@id":"https:\/\/www.hernandezredondo.com\/producto\/paleta-iberico-50-cebo-deshuesado\/#breadcrumb"},"inLanguage":"en-GB","potentialAction":[{"@type":"ReadAction","target":["https:\/\/www.hernandezredondo.com\/producto\/paleta-iberico-50-cebo-deshuesado\/"]}]},{"@type":"ImageObject","inLanguage":"en-GB","@id":"https:\/\/www.hernandezredondo.com\/producto\/paleta-iberico-50-cebo-deshuesado\/#primaryimage","url":"https:\/\/www.hernandezredondo.com\/wp-content\/uploads\/2025\/09\/7.png","contentUrl":"https:\/\/www.hernandezredondo.com\/wp-content\/uploads\/2025\/09\/7.png","width":600,"height":626},{"@type":"BreadcrumbList","@id":"https:\/\/www.hernandezredondo.com\/producto\/paleta-iberico-50-cebo-deshuesado\/#breadcrumb","itemListElement":[{"@type":"ListItem","position":1,"name":"Portada","item":"https:\/\/www.hernandezredondo.com\/"},{"@type":"ListItem","position":2,"name":"Tienda online","item":"https:\/\/www.hernandezredondo.com\/tienda-online\/"},{"@type":"ListItem","position":3,"name":"Paleta ib\u00e9rico 50% cebo \u2013 Deshuesado"}]},{"@type":"WebSite","@id":"https:\/\/www.hernandezredondo.com\/#website","url":"https:\/\/www.hernandezredondo.com\/","name":"Hern\u00e1ndez Redondo","description":"","publisher":{"@id":"https:\/\/www.hernandezredondo.com\/#organization"},"potentialAction":[{"@type":"SearchAction","target":{"@type":"EntryPoint","urlTemplate":"https:\/\/www.hernandezredondo.com\/?s={search_term_string}"},"query-input":{"@type":"PropertyValueSpecification","valueRequired":true,"valueName":"search_term_string"}}],"inLanguage":"en-GB"},{"@type":"Organization","@id":"https:\/\/www.hernandezredondo.com\/#organization","name":"Hern\u00e1ndez Redondo","url":"https:\/\/www.hernandezredondo.com\/","logo":{"@type":"ImageObject","inLanguage":"en-GB","@id":"https:\/\/www.hernandezredondo.com\/#\/schema\/logo\/image\/","url":"https:\/\/www.hernandezredondo.com\/wp-content\/uploads\/2025\/09\/cropped-Diseno-sin-titulo-2025-09-17T100936.388.png","contentUrl":"https:\/\/www.hernandezredondo.com\/wp-content\/uploads\/2025\/09\/cropped-Diseno-sin-titulo-2025-09-17T100936.388.png","width":588,"height":528,"caption":"Hern\u00e1ndez Redondo"},"image":{"@id":"https:\/\/www.hernandezredondo.com\/#\/schema\/logo\/image\/"}}]}},"_links":{"self":[{"href":"https:\/\/www.hernandezredondo.com\/en\/wp-json\/wp\/v2\/product\/1280","targetHints":{"allow":["GET"]}}],"collection":[{"href":"https:\/\/www.hernandezredondo.com\/en\/wp-json\/wp\/v2\/product"}],"about":[{"href":"https:\/\/www.hernandezredondo.com\/en\/wp-json\/wp\/v2\/types\/product"}],"replies":[{"embeddable":true,"href":"https:\/\/www.hernandezredondo.com\/en\/wp-json\/wp\/v2\/comments?post=1280"}],"wp:featuredmedia":[{"embeddable":true,"href":"https:\/\/www.hernandezredondo.com\/en\/wp-json\/wp\/v2\/media\/1275"}],"wp:attachment":[{"href":"https:\/\/www.hernandezredondo.com\/en\/wp-json\/wp\/v2\/media?parent=1280"}],"wp:term":[{"taxonomy":"product_brand","embeddable":true,"href":"https:\/\/www.hernandezredondo.com\/en\/wp-json\/wp\/v2\/product_brand?post=1280"},{"taxonomy":"product_cat","embeddable":true,"href":"https:\/\/www.hernandezredondo.com\/en\/wp-json\/wp\/v2\/product_cat?post=1280"},{"taxonomy":"product_tag","embeddable":true,"href":"https:\/\/www.hernandezredondo.com\/en\/wp-json\/wp\/v2\/product_tag?post=1280"}],"curies":[{"name":"wp","href":"https:\/\/api.w.org\/{rel}","templated":true}]}}